{"id":4330,"date":"2022-09-19T12:58:12","date_gmt":"2022-09-19T12:58:12","guid":{"rendered":"https:\/\/we-cre8.nl\/over-zorggroep-de-vechtstreek-2\/"},"modified":"2025-12-31T08:04:29","modified_gmt":"2025-12-31T08:04:29","slug":"over-zorggroep-de-vechtstreek","status":"publish","type":"page","link":"https:\/\/szdv.nl\/?page_id=4330","title":{"rendered":"Over Zorggroep De Vechtstreek"},"content":{"rendered":"<div class=\"gb-container gb-container-93f5a73e\"><div class=\"gb-inside-container\">\n\n<h2 class=\"gb-headline gb-headline-a1dbb078 gb-headline-text\">Fijn ouder worden in Stichtse Vecht<\/h2>\n\n\n\n<p>Zorggroep De Vechtstreek biedt hoogwaardige (thuis)zorg, verpleging, aangenaam wonen en gevarieerde activiteiten voor inwoners van de Vechtgemeenten Breukelen, Kockengen en Loenen aan de Vecht.<\/p>\n\n\n\n<p>Zorggroep De Vechtstreek wil op het gebied van wonen, welzijn en vraaggerichte zorg ondersteuning bieden die zoveel mogelijk aansluit bij de wensen en behoeften van onze cli\u00ebnten. Van zelfstandig wonen tot verblijven in het woonzorgcentrum, van verzorging tot verpleging en van ondersteuning tot het leveren van allerlei diensten.<\/p>\n\n\n\n<p>Het aanbod van zorg is afgestemd op de vraag naar zorg en is mede afhankelijk van de omgeving van de cli\u00ebnten. Het uitgangspunt voor het zorg- en behandelbeleid van Zorggroep De Vechtstreek is, om omstandigheden te cre\u00ebren die cli\u00ebnten in staat stellen zo lang mogelijk zelfstandig thuis te wonen.<\/p>\n\n<\/div><\/div>\n\n<div class=\"gb-container gb-container-ff6c167f\"><div class=\"gb-inside-container\">\n\n<h2 class=\"gb-headline gb-headline-0242b530 gb-headline-text\">Onze organisatie<\/h2>\n\n\n\n<div class=\"gb-grid-wrapper gb-grid-wrapper-f1385183 gb-query-loop-wrapper\">\n<div class=\"gb-grid-column gb-grid-column-24f9283b gb-query-loop-item post-1219 page type-page status-publish has-post-thumbnail\"><div class=\"gb-container gb-container-24f9283b\"><div class=\"gb-inside-container\">\n<div class=\"gb-container gb-container-83513ccb\"><div class=\"gb-inside-container\">\n<figure class=\"gb-block-image gb-block-image-132ef2df\"><img loading=\"lazy\" decoding=\"async\" width=\"1920\" height=\"1280\" src=\"https:\/\/szdv.nl\/wp-content\/uploads\/2023\/01\/Breed_iStock-1364551940.jpg\" class=\"gb-image-132ef2df\" alt=\"\" srcset=\"https:\/\/szdv.nl\/wp-content\/uploads\/2023\/01\/Breed_iStock-1364551940.jpg 1920w, https:\/\/szdv.nl\/wp-content\/uploads\/2023\/01\/Breed_iStock-1364551940-300x200.jpg 300w, https:\/\/szdv.nl\/wp-content\/uploads\/2023\/01\/Breed_iStock-1364551940-1024x683.jpg 1024w, https:\/\/szdv.nl\/wp-content\/uploads\/2023\/01\/Breed_iStock-1364551940-768x512.jpg 768w, https:\/\/szdv.nl\/wp-content\/uploads\/2023\/01\/Breed_iStock-1364551940-1536x1024.jpg 1536w\" sizes=\"auto, (max-width: 1920px) 100vw, 1920px\" \/><\/figure>\n\n<div class=\"gb-container gb-container-2ae775b8\"><div class=\"gb-inside-container\">\n<h3 class=\"gb-headline gb-headline-baf642b2 gb-headline-text\"><a href=\"https:\/\/szdv.nl\/?page_id=1219\">Visie en strategie<\/a><\/h3>\n<\/div><\/div>\n<\/div><\/div>\n<\/div><\/div><\/div>\n\n<div class=\"gb-grid-column gb-grid-column-24f9283b gb-query-loop-item post-1222 page type-page status-publish has-post-thumbnail\"><div class=\"gb-container gb-container-24f9283b\"><div class=\"gb-inside-container\">\n<div class=\"gb-container gb-container-83513ccb\"><div class=\"gb-inside-container\">\n<figure class=\"gb-block-image gb-block-image-132ef2df\"><img loading=\"lazy\" decoding=\"async\" width=\"1920\" height=\"1281\" src=\"https:\/\/szdv.nl\/wp-content\/uploads\/2023\/02\/Breed_iStock-1060985164-e1676839560587.jpg\" class=\"gb-image-132ef2df\" alt=\"\" srcset=\"https:\/\/szdv.nl\/wp-content\/uploads\/2023\/02\/Breed_iStock-1060985164-e1676839560587.jpg 1920w, https:\/\/szdv.nl\/wp-content\/uploads\/2023\/02\/Breed_iStock-1060985164-e1676839560587-300x200.jpg 300w, https:\/\/szdv.nl\/wp-content\/uploads\/2023\/02\/Breed_iStock-1060985164-e1676839560587-1024x683.jpg 1024w, https:\/\/szdv.nl\/wp-content\/uploads\/2023\/02\/Breed_iStock-1060985164-e1676839560587-768x512.jpg 768w, https:\/\/szdv.nl\/wp-content\/uploads\/2023\/02\/Breed_iStock-1060985164-e1676839560587-1536x1025.jpg 1536w\" sizes=\"auto, (max-width: 1920px) 100vw, 1920px\" \/><\/figure>\n\n<div class=\"gb-container gb-container-2ae775b8\"><div class=\"gb-inside-container\">\n<h3 class=\"gb-headline gb-headline-baf642b2 gb-headline-text\"><a href=\"https:\/\/szdv.nl\/?page_id=1222\">Zorg voor kwaliteit<\/a><\/h3>\n<\/div><\/div>\n<\/div><\/div>\n<\/div><\/div><\/div>\n\n<div class=\"gb-grid-column gb-grid-column-24f9283b gb-query-loop-item post-1233 page type-page status-publish has-post-thumbnail\"><div class=\"gb-container gb-container-24f9283b\"><div class=\"gb-inside-container\">\n<div class=\"gb-container gb-container-83513ccb\"><div class=\"gb-inside-container\">\n<figure class=\"gb-block-image gb-block-image-132ef2df\"><img loading=\"lazy\" decoding=\"async\" width=\"1920\" height=\"1280\" src=\"https:\/\/szdv.nl\/wp-content\/uploads\/2023\/01\/Breed_iStock-1312953747.jpg\" class=\"gb-image-132ef2df\" alt=\"\" srcset=\"https:\/\/szdv.nl\/wp-content\/uploads\/2023\/01\/Breed_iStock-1312953747.jpg 1920w, https:\/\/szdv.nl\/wp-content\/uploads\/2023\/01\/Breed_iStock-1312953747-300x200.jpg 300w, https:\/\/szdv.nl\/wp-content\/uploads\/2023\/01\/Breed_iStock-1312953747-1024x683.jpg 1024w, https:\/\/szdv.nl\/wp-content\/uploads\/2023\/01\/Breed_iStock-1312953747-768x512.jpg 768w, https:\/\/szdv.nl\/wp-content\/uploads\/2023\/01\/Breed_iStock-1312953747-1536x1024.jpg 1536w\" sizes=\"auto, (max-width: 1920px) 100vw, 1920px\" \/><\/figure>\n\n<div class=\"gb-container gb-container-2ae775b8\"><div class=\"gb-inside-container\">\n<h3 class=\"gb-headline gb-headline-baf642b2 gb-headline-text\"><a href=\"https:\/\/szdv.nl\/?page_id=1233\">Klachten en inspraak<\/a><\/h3>\n<\/div><\/div>\n<\/div><\/div>\n<\/div><\/div><\/div>\n\n<div class=\"gb-grid-column gb-grid-column-24f9283b gb-query-loop-item post-1237 page type-page status-publish has-post-thumbnail\"><div class=\"gb-container gb-container-24f9283b\"><div class=\"gb-inside-container\">\n<div class=\"gb-container gb-container-83513ccb\"><div class=\"gb-inside-container\">\n<figure class=\"gb-block-image gb-block-image-132ef2df\"><img loading=\"lazy\" decoding=\"async\" width=\"1920\" height=\"1280\" src=\"https:\/\/szdv.nl\/wp-content\/uploads\/2023\/01\/Breed_iStock-512982213.jpg\" class=\"gb-image-132ef2df\" alt=\"\" srcset=\"https:\/\/szdv.nl\/wp-content\/uploads\/2023\/01\/Breed_iStock-512982213.jpg 1920w, https:\/\/szdv.nl\/wp-content\/uploads\/2023\/01\/Breed_iStock-512982213-300x200.jpg 300w, https:\/\/szdv.nl\/wp-content\/uploads\/2023\/01\/Breed_iStock-512982213-1024x683.jpg 1024w, https:\/\/szdv.nl\/wp-content\/uploads\/2023\/01\/Breed_iStock-512982213-768x512.jpg 768w, https:\/\/szdv.nl\/wp-content\/uploads\/2023\/01\/Breed_iStock-512982213-1536x1024.jpg 1536w\" sizes=\"auto, (max-width: 1920px) 100vw, 1920px\" \/><\/figure>\n\n<div class=\"gb-container gb-container-2ae775b8\"><div class=\"gb-inside-container\">\n<h3 class=\"gb-headline gb-headline-baf642b2 gb-headline-text\"><a href=\"https:\/\/szdv.nl\/?page_id=1237\">Cli\u00ebntenraad<\/a><\/h3>\n<\/div><\/div>\n<\/div><\/div>\n<\/div><\/div><\/div>\n\n<div class=\"gb-grid-column gb-grid-column-24f9283b gb-query-loop-item post-1241 page type-page status-publish has-post-thumbnail\"><div class=\"gb-container gb-container-24f9283b\"><div class=\"gb-inside-container\">\n<div class=\"gb-container gb-container-83513ccb\"><div class=\"gb-inside-container\">\n<figure class=\"gb-block-image gb-block-image-132ef2df\"><img loading=\"lazy\" decoding=\"async\" width=\"1920\" height=\"1280\" src=\"https:\/\/szdv.nl\/wp-content\/uploads\/2023\/01\/Breed_iStock-1177746055.jpg\" class=\"gb-image-132ef2df\" alt=\"\" srcset=\"https:\/\/szdv.nl\/wp-content\/uploads\/2023\/01\/Breed_iStock-1177746055.jpg 1920w, https:\/\/szdv.nl\/wp-content\/uploads\/2023\/01\/Breed_iStock-1177746055-300x200.jpg 300w, https:\/\/szdv.nl\/wp-content\/uploads\/2023\/01\/Breed_iStock-1177746055-1024x683.jpg 1024w, https:\/\/szdv.nl\/wp-content\/uploads\/2023\/01\/Breed_iStock-1177746055-768x512.jpg 768w, https:\/\/szdv.nl\/wp-content\/uploads\/2023\/01\/Breed_iStock-1177746055-1536x1024.jpg 1536w\" sizes=\"auto, (max-width: 1920px) 100vw, 1920px\" \/><\/figure>\n\n<div class=\"gb-container gb-container-2ae775b8\"><div class=\"gb-inside-container\">\n<h3 class=\"gb-headline gb-headline-baf642b2 gb-headline-text\"><a href=\"https:\/\/szdv.nl\/?page_id=1241\">Organisatiestructuur<\/a><\/h3>\n<\/div><\/div>\n<\/div><\/div>\n<\/div><\/div><\/div>\n\n<div class=\"gb-grid-column gb-grid-column-24f9283b gb-query-loop-item post-1249 page type-page status-publish has-post-thumbnail\"><div class=\"gb-container gb-container-24f9283b\"><div class=\"gb-inside-container\">\n<div class=\"gb-container gb-container-83513ccb\"><div class=\"gb-inside-container\">\n<figure class=\"gb-block-image gb-block-image-132ef2df\"><img loading=\"lazy\" decoding=\"async\" width=\"1920\" height=\"1280\" src=\"https:\/\/szdv.nl\/wp-content\/uploads\/2023\/01\/Breed_iStock-926175062.jpg\" class=\"gb-image-132ef2df\" alt=\"\" srcset=\"https:\/\/szdv.nl\/wp-content\/uploads\/2023\/01\/Breed_iStock-926175062.jpg 1920w, https:\/\/szdv.nl\/wp-content\/uploads\/2023\/01\/Breed_iStock-926175062-300x200.jpg 300w, https:\/\/szdv.nl\/wp-content\/uploads\/2023\/01\/Breed_iStock-926175062-1024x683.jpg 1024w, https:\/\/szdv.nl\/wp-content\/uploads\/2023\/01\/Breed_iStock-926175062-768x512.jpg 768w, https:\/\/szdv.nl\/wp-content\/uploads\/2023\/01\/Breed_iStock-926175062-1536x1024.jpg 1536w\" sizes=\"auto, (max-width: 1920px) 100vw, 1920px\" \/><\/figure>\n\n<div class=\"gb-container gb-container-2ae775b8\"><div class=\"gb-inside-container\">\n<h3 class=\"gb-headline gb-headline-baf642b2 gb-headline-text\"><a href=\"https:\/\/szdv.nl\/?page_id=1249\">Publicaties<\/a><\/h3>\n<\/div><\/div>\n<\/div><\/div>\n<\/div><\/div><\/div>\n<\/div>\n\n\n<div class=\"gb-grid-wrapper gb-grid-wrapper-74d0922a\">\n<div class=\"gb-grid-column gb-grid-column-524ad034\"><div class=\"gb-container gb-container-524ad034\">\n\n<figure class=\"wp-block-image size-large\"><img loading=\"lazy\" decoding=\"async\" width=\"1024\" height=\"683\" src=\"https:\/\/szdv.nl\/wp-content\/uploads\/2023\/11\/Breed_20231013-Woonzorgcentrum-t-Kampje-_JBF3500-1024x683.jpg\" alt=\"\" class=\"wp-image-5715\" srcset=\"https:\/\/szdv.nl\/wp-content\/uploads\/2023\/11\/Breed_20231013-Woonzorgcentrum-t-Kampje-_JBF3500-1024x683.jpg 1024w, https:\/\/szdv.nl\/wp-content\/uploads\/2023\/11\/Breed_20231013-Woonzorgcentrum-t-Kampje-_JBF3500-300x200.jpg 300w, https:\/\/szdv.nl\/wp-content\/uploads\/2023\/11\/Breed_20231013-Woonzorgcentrum-t-Kampje-_JBF3500-768x512.jpg 768w, https:\/\/szdv.nl\/wp-content\/uploads\/2023\/11\/Breed_20231013-Woonzorgcentrum-t-Kampje-_JBF3500-1536x1024.jpg 1536w, https:\/\/szdv.nl\/wp-content\/uploads\/2023\/11\/Breed_20231013-Woonzorgcentrum-t-Kampje-_JBF3500.jpg 1920w\" sizes=\"auto, (max-width: 1024px) 100vw, 1024px\" \/><\/figure>\n\n\n<div class=\"gb-container gb-container-cc324e04\">\n\n<h3 class=\"gb-headline gb-headline-f3418f22 gb-headline-text\"><strong><a href=\"https:\/\/szdv.nl\/over-zorggroep-de-vechtstreek\/maatschappelijk\/\" data-type=\"page\" data-id=\"5731\">Duurzaam<\/a><\/strong><\/h3>\n\n<\/div>\n<\/div><\/div>\n\n<div class=\"gb-grid-column gb-grid-column-c7df5f23\"><div class=\"gb-container gb-container-c7df5f23\">\n\n<figure class=\"wp-block-image size-large\"><img loading=\"lazy\" decoding=\"async\" width=\"1024\" height=\"683\" src=\"https:\/\/szdv.nl\/wp-content\/uploads\/2023\/01\/Breed_iStock-1423291090-1024x683.jpg\" alt=\"\" class=\"wp-image-2945\" srcset=\"https:\/\/szdv.nl\/wp-content\/uploads\/2023\/01\/Breed_iStock-1423291090-1024x683.jpg 1024w, https:\/\/szdv.nl\/wp-content\/uploads\/2023\/01\/Breed_iStock-1423291090-300x200.jpg 300w, https:\/\/szdv.nl\/wp-content\/uploads\/2023\/01\/Breed_iStock-1423291090-768x512.jpg 768w, https:\/\/szdv.nl\/wp-content\/uploads\/2023\/01\/Breed_iStock-1423291090-1536x1024.jpg 1536w, https:\/\/szdv.nl\/wp-content\/uploads\/2023\/01\/Breed_iStock-1423291090.jpg 1920w\" sizes=\"auto, (max-width: 1024px) 100vw, 1024px\" \/><\/figure>\n\n\n<div class=\"gb-container gb-container-839d76d4\">\n\n<h3 class=\"gb-headline gb-headline-c8244467 gb-headline-text\"><strong><a href=\"https:\/\/szdv.nl\/over-zorggroep-de-vechtstreek\/maatschappelijk\/\" data-type=\"page\" data-id=\"5731\">Maatschappelijk<\/a><\/strong><\/h3>\n\n<\/div>\n<\/div><\/div>\n\n<div class=\"gb-grid-column gb-grid-column-d411de74\"><div class=\"gb-container gb-container-d411de74\"><\/div><\/div>\n<\/div>\n<\/div><\/div>\n\n<div class=\"gb-container gb-container-bfebfb2e\"><div class=\"gb-inside-container\">\n\n<h2 class=\"gb-headline gb-headline-2d3544cf gb-headline-text\"><em>&#8220;We hebben een grote uitdaging voor de toekomst. Het aantal ouderen met een zorgvraag neemt toe, het aantal verpleeghuisplekken blijft gelijk en er is een toenemend tekort op de arbeidsmarkt.&#8221; <\/em><\/h2>\n\n<\/div><\/div>","protected":false},"excerpt":{"rendered":"<p>Fijn ouder worden in Stichtse Vecht Zorggroep De Vechtstreek biedt hoogwaardige (thuis)zorg, verpleging, aangenaam wonen en gevarieerde activiteiten voor inwoners &#8230; <a title=\"Over Zorggroep De Vechtstreek\" class=\"read-more\" href=\"https:\/\/szdv.nl\/?page_id=4330\" aria-label=\"Lees meer over Over Zorggroep De Vechtstreek\">&gt;&gt; Lees meer<\/a><\/p>\n","protected":false},"author":2,"featured_media":1653,"parent":0,"menu_order":0,"comment_status":"closed","ping_status":"closed","template":"","meta":{"_acf_changed":false,"footnotes":""},"class_list":["post-4330","page","type-page","status-publish","has-post-thumbnail"],"acf":[],"_links":{"self":[{"href":"https:\/\/szdv.nl\/index.php?rest_route=\/wp\/v2\/pages\/4330","targetHints":{"allow":["GET"]}}],"collection":[{"href":"https:\/\/szdv.nl\/index.php?rest_route=\/wp\/v2\/pages"}],"about":[{"href":"https:\/\/szdv.nl\/index.php?rest_route=\/wp\/v2\/types\/page"}],"author":[{"embeddable":true,"href":"https:\/\/szdv.nl\/index.php?rest_route=\/wp\/v2\/users\/2"}],"replies":[{"embeddable":true,"href":"https:\/\/szdv.nl\/index.php?rest_route=%2Fwp%2Fv2%2Fcomments&post=4330"}],"version-history":[{"count":7,"href":"https:\/\/szdv.nl\/index.php?rest_route=\/wp\/v2\/pages\/4330\/revisions"}],"predecessor-version":[{"id":7254,"href":"https:\/\/szdv.nl\/index.php?rest_route=\/wp\/v2\/pages\/4330\/revisions\/7254"}],"wp:featuredmedia":[{"embeddable":true,"href":"https:\/\/szdv.nl\/index.php?rest_route=\/wp\/v2\/media\/1653"}],"wp:attachment":[{"href":"https:\/\/szdv.nl\/index.php?rest_route=%2Fwp%2Fv2%2Fmedia&parent=4330"}],"curies":[{"name":"wp","href":"https:\/\/api.w.org\/{rel}","templated":true}]}}