{"id":2197,"date":"2023-01-11T13:12:37","date_gmt":"2023-01-11T13:12:37","guid":{"rendered":"https:\/\/we-cre8.nl\/?page_id=2197"},"modified":"2023-04-05T09:02:29","modified_gmt":"2023-04-05T09:02:29","slug":"eten-en-genieten","status":"publish","type":"page","link":"https:\/\/szdv.nl\/locaties\/eten-en-genieten\/","title":{"rendered":"Eten en genieten"},"content":{"rendered":"\n<h2 class=\"gb-headline gb-headline-366837a1 gb-headline-text\">Welkom in ons restaurant<\/h2>\n\n\n\n<p>Lekker eten is belangrijk, vinden we bij Zorggroep De Vechtstreek. Alle cli\u00ebnten kunnen dagelijks terecht in ons restaurant. Onze professionele koks bereiden alle maaltijden iedere dag vers. We stellen hoge eisen aan de kwaliteit van onze maaltijden.<\/p>\n\n\n\n<p>In ons restaurant serveren we dagelijks verse menu&#8217;s en bieden u een levendige en gezellige ontmoetingsplek. U kunt er samen met uw partner, familie, vrienden of kennissen heerlijk dineren. Komt u gerust binnenkort een keer proeven en genieten!<\/p>\n\n\n\n<p>Voor meer informatie kunt u ook onze zorgbemiddelaars bellen of mailen, zie inzet &#8220;Zorgadvies&#8221;,<\/p>\n\n\n\n<h2 class=\"gb-headline gb-headline-d14f5c53 gb-headline-text\">Menucommissie<\/h2>\n\n\n\n<p>Onze koks vinden het belangrijk dat u geniet van hun kookkunsten. Daarom hebben wij een menucommissie. In de menucommissie zijn leden van de <a href=\"\/over-zorggroep-de-vechtstreek\/clientenraad\/\">cli\u00ebntenraad<\/a>, medewerkers van de zorg en keuken, en de co\u00f6rdinator restaurant vertegenwoordigd. Hebt u vragen of idee\u00ebn over de maaltijden, dan kunt u zich wenden tot de leden van de cli\u00ebntenraad. Zij behartigen uw belangen in deze commissie.<\/p>\n","protected":false},"excerpt":{"rendered":"<p>Welkom in ons restaurant Lekker eten is belangrijk, vinden we bij Zorggroep De Vechtstreek. Alle cli\u00ebnten kunnen dagelijks terecht in &#8230; <a title=\"Eten en genieten\" class=\"read-more\" href=\"https:\/\/szdv.nl\/locaties\/eten-en-genieten\/\" aria-label=\"Lees meer over Eten en genieten\">&gt;&gt; Lees meer<\/a><\/p>\n","protected":false},"author":2,"featured_media":2973,"parent":1245,"menu_order":0,"comment_status":"closed","ping_status":"closed","template":"","meta":{"_acf_changed":false,"footnotes":""},"class_list":["post-2197","page","type-page","status-publish","has-post-thumbnail"],"acf":[],"_links":{"self":[{"href":"https:\/\/szdv.nl\/wp-json\/wp\/v2\/pages\/2197","targetHints":{"allow":["GET"]}}],"collection":[{"href":"https:\/\/szdv.nl\/wp-json\/wp\/v2\/pages"}],"about":[{"href":"https:\/\/szdv.nl\/wp-json\/wp\/v2\/types\/page"}],"author":[{"embeddable":true,"href":"https:\/\/szdv.nl\/wp-json\/wp\/v2\/users\/2"}],"replies":[{"embeddable":true,"href":"https:\/\/szdv.nl\/wp-json\/wp\/v2\/comments?post=2197"}],"version-history":[{"count":2,"href":"https:\/\/szdv.nl\/wp-json\/wp\/v2\/pages\/2197\/revisions"}],"predecessor-version":[{"id":5044,"href":"https:\/\/szdv.nl\/wp-json\/wp\/v2\/pages\/2197\/revisions\/5044"}],"up":[{"embeddable":true,"href":"https:\/\/szdv.nl\/wp-json\/wp\/v2\/pages\/1245"}],"wp:featuredmedia":[{"embeddable":true,"href":"https:\/\/szdv.nl\/wp-json\/wp\/v2\/media\/2973"}],"wp:attachment":[{"href":"https:\/\/szdv.nl\/wp-json\/wp\/v2\/media?parent=2197"}],"curies":[{"name":"wp","href":"https:\/\/api.w.org\/{rel}","templated":true}]}}