{"id":1415,"date":"2022-12-20T14:25:36","date_gmt":"2022-12-20T14:25:36","guid":{"rendered":"https:\/\/we-cre8.nl\/?page_id=1415"},"modified":"2026-03-06T12:40:18","modified_gmt":"2026-03-06T12:40:18","slug":"t-kampje","status":"publish","type":"page","link":"https:\/\/szdv.nl\/?page_id=1415","title":{"rendered":"Woonzorgcentrum &#8217;t Kampje"},"content":{"rendered":"\n<h2 class=\"gb-headline gb-headline-b9dbe1e5 gb-headline-text\">Wonen in Zorgcentrum &#8217;t Kampje<\/h2>\n\n\n\n<p>&#8217;t Kampje is een ruim opgezet woonzorgcentrum in het landelijk gelegen Loenen a\/d Vecht. Woonzorgcentrum \u2019t Kampje biedt een plezierig nieuw thuis voor ouderen met een Wlz-indicatie die zorg en ondersteuning nodig hebben.<\/p>\n\n\n\n<p>Cli\u00ebnten voelen zich hier thuis dankzij een prettige sfeer, goede verhoudingen tussen cli\u00ebnten en medewerkers en bovenal doordat ze zoveel mogelijk de regie krijgen om hun leven richting en inhoud te geven. Onze medewerkers ondersteunen de cli\u00ebnten daar waar nodig, maar men bepaalt zelf in goed overleg hoe dit gebeurt. Alle informatie over wonen in &#8217;t Kampje vindt u in het Welkomstboek, dat bij inhuizing wordt uitgegeven.<\/p>\n\n\n<div class=\"gb-grid-wrapper gb-grid-wrapper-547df5d2\">\n<div class=\"gb-grid-column gb-grid-column-b568f548\"><div class=\"gb-container gb-container-b568f548\">\n\n<figure class=\"gb-block-image gb-block-image-aac04f86\"><img loading=\"lazy\" decoding=\"async\" width=\"1920\" height=\"1280\" class=\"gb-image gb-image-aac04f86\" src=\"https:\/\/szdv.nl\/wp-content\/uploads\/2023\/11\/Breed_20231013-Woonzorgcentrum-t-Kampje-_JBF3328.jpg\" alt=\"\" title=\"Breed_20231013 Woonzorgcentrum t Kampje _JBF3328\" srcset=\"https:\/\/szdv.nl\/wp-content\/uploads\/2023\/11\/Breed_20231013-Woonzorgcentrum-t-Kampje-_JBF3328.jpg 1920w, https:\/\/szdv.nl\/wp-content\/uploads\/2023\/11\/Breed_20231013-Woonzorgcentrum-t-Kampje-_JBF3328-300x200.jpg 300w, https:\/\/szdv.nl\/wp-content\/uploads\/2023\/11\/Breed_20231013-Woonzorgcentrum-t-Kampje-_JBF3328-1024x683.jpg 1024w, https:\/\/szdv.nl\/wp-content\/uploads\/2023\/11\/Breed_20231013-Woonzorgcentrum-t-Kampje-_JBF3328-768x512.jpg 768w, https:\/\/szdv.nl\/wp-content\/uploads\/2023\/11\/Breed_20231013-Woonzorgcentrum-t-Kampje-_JBF3328-1536x1024.jpg 1536w\" sizes=\"auto, (max-width: 1920px) 100vw, 1920px\" \/><\/figure>\n\n<\/div><\/div>\n\n<div class=\"gb-grid-column gb-grid-column-b39ecd43\"><div class=\"gb-container gb-container-b39ecd43\">\n\n<figure class=\"wp-block-image size-large\"><img loading=\"lazy\" decoding=\"async\" width=\"1024\" height=\"683\" src=\"https:\/\/szdv.nl\/wp-content\/uploads\/2023\/11\/Breed_20231013-Woonzorgcentrum-t-Kampje-_JBF3417-1024x683.jpg\" alt=\"\" class=\"wp-image-5714\" srcset=\"https:\/\/szdv.nl\/wp-content\/uploads\/2023\/11\/Breed_20231013-Woonzorgcentrum-t-Kampje-_JBF3417-1024x683.jpg 1024w, https:\/\/szdv.nl\/wp-content\/uploads\/2023\/11\/Breed_20231013-Woonzorgcentrum-t-Kampje-_JBF3417-300x200.jpg 300w, https:\/\/szdv.nl\/wp-content\/uploads\/2023\/11\/Breed_20231013-Woonzorgcentrum-t-Kampje-_JBF3417-768x512.jpg 768w, https:\/\/szdv.nl\/wp-content\/uploads\/2023\/11\/Breed_20231013-Woonzorgcentrum-t-Kampje-_JBF3417-1536x1024.jpg 1536w, https:\/\/szdv.nl\/wp-content\/uploads\/2023\/11\/Breed_20231013-Woonzorgcentrum-t-Kampje-_JBF3417.jpg 1920w\" sizes=\"auto, (max-width: 1024px) 100vw, 1024px\" \/><\/figure>\n\n<\/div><\/div>\n<\/div>\n\n\n<div style=\"height:20px\" aria-hidden=\"true\" class=\"wp-block-spacer\"><\/div>\n\n\n\n<h2 class=\"gb-headline gb-headline-7df6ce23 gb-headline-text\">Huiselijk<\/h2>\n\n\n\n<p>\u2019t Kampje beschikt over 40 zorgappartementen. Hiervan zijn 28 appartementen bedoeld voor ouderen die behoefte hebben aan structuur binnen een afdeling psychogeriatrische zorg (De Zonnebloem).<\/p>\n\n\n\n<p>Bewoners van De Zonnebloem verblijven in eenkamerappartementen die grenzen aan hun gemeenschappelijke huiskamer. Deze huiskamer is huiselijk ingericht en de spullen in de huiskamer herinneren cli\u00ebnten aan vroeger. Op de afdeling is een open keuken en \u00e9\u00e9n van de huiskamers heeft een fraai uitzicht op de tuin. De tuin is vrij toegankelijk voor de bewoners en is zodanig aangelegd dat de veiligheid is gegarandeerd.<\/p>\n\n\n\n<h2 class=\"gb-headline gb-headline-dc890012 gb-headline-text\">Aanleunwoningen<\/h2>\n\n\n\n<p>Voor ouderen zonder Wlz-indicatie zijn in en om \u2019t Nieuwe Kampje aanleunwoningen (Ter Beekhof) en vrije sector huurwoningen (Pleinzicht). Huurders kunnen gebruik maken van de vele diensten die het centrum aanbiedt. Veel van de appartementen zijn gesitueerd rondom een vijver en omgeven door fraai aangelegde, grote tuinen. U heeft altijd een prachtig uitzicht. Deze woningen worden verhuurd door Van der Linden Vastgoed. Telefoonnummer 036 533 00 77<\/p>\n\n\n\n<h2 class=\"gb-headline gb-headline-6c31bcba gb-headline-text\">Huis van de wijk<\/h2>\n\n\n\n<p>&#8217;t Nieuwe Kampje  biedt als <a href=\"\/huizen-van-de-wijk\/samen-krachtig-loenen\/\">Huis van de wijk<\/a> een centrale en gastvrije ontmoetingsplek voor bewoners, wijkbewoners en verenigingen uit Loenen aan de Vecht. Alle senioren in Loenen zijn van harte welkom om aan een groot aantal activiteiten deel te nemen.<\/p>\n\n\n<div class=\"gb-grid-wrapper gb-grid-wrapper-0abd0c47\">\n<div class=\"gb-grid-column gb-grid-column-3106e1ef\"><div class=\"gb-container gb-container-3106e1ef\"><div class=\"gb-inside-container\">\n\n<h2 class=\"gb-headline gb-headline-1a254ee1 gb-headline-text\">Eten en genieten<\/h2>\n\n\n\n<p>Lekker eten is belangrijk, vinden we bij Zorggroep De Vechtstreek. Iedereen kan dagelijks terecht in onze restaurants. Lees meer over <a href=\"\/locaties\/eten-en-genieten\/\">eten en genieten<\/a>.<\/p>\n\n<\/div><\/div><\/div>\n\n<div class=\"gb-grid-column gb-grid-column-cb7bff57\"><div class=\"gb-container gb-container-cb7bff57\"><div class=\"gb-inside-container\">\n\n<figure class=\"gb-block-image gb-block-image-3efcada2\"><img loading=\"lazy\" decoding=\"async\" width=\"1920\" height=\"1281\" class=\"gb-image gb-image-3efcada2\" src=\"https:\/\/szdv.nl\/wp-content\/uploads\/2023\/01\/Breed_iStock-665837302.jpg\" alt=\"\" title=\"Group of Senior Retirement Meet up Happiness Concept\" srcset=\"https:\/\/szdv.nl\/wp-content\/uploads\/2023\/01\/Breed_iStock-665837302.jpg 1920w, https:\/\/szdv.nl\/wp-content\/uploads\/2023\/01\/Breed_iStock-665837302-300x200.jpg 300w, https:\/\/szdv.nl\/wp-content\/uploads\/2023\/01\/Breed_iStock-665837302-1024x683.jpg 1024w, https:\/\/szdv.nl\/wp-content\/uploads\/2023\/01\/Breed_iStock-665837302-768x512.jpg 768w, https:\/\/szdv.nl\/wp-content\/uploads\/2023\/01\/Breed_iStock-665837302-1536x1025.jpg 1536w\" sizes=\"auto, (max-width: 1920px) 100vw, 1920px\" \/><\/figure>\n\n<\/div><\/div><\/div>\n<\/div>\n\n<div class=\"gb-grid-wrapper gb-grid-wrapper-cff7d3dd\">\n<div class=\"gb-grid-column gb-grid-column-07c80705\"><div class=\"gb-container gb-container-07c80705\"><div class=\"gb-inside-container\">\n\n<figure class=\"gb-block-image gb-block-image-20666b39\"><img loading=\"lazy\" decoding=\"async\" width=\"1920\" height=\"1282\" class=\"gb-image gb-image-20666b39\" src=\"https:\/\/szdv.nl\/wp-content\/uploads\/2023\/02\/Breed_iStock-868000868.jpg\" alt=\"\" title=\"Scaled up look on nurse checking arterial pressure\" srcset=\"https:\/\/szdv.nl\/wp-content\/uploads\/2023\/02\/Breed_iStock-868000868.jpg 1920w, https:\/\/szdv.nl\/wp-content\/uploads\/2023\/02\/Breed_iStock-868000868-300x200.jpg 300w, https:\/\/szdv.nl\/wp-content\/uploads\/2023\/02\/Breed_iStock-868000868-1024x684.jpg 1024w, https:\/\/szdv.nl\/wp-content\/uploads\/2023\/02\/Breed_iStock-868000868-768x513.jpg 768w, https:\/\/szdv.nl\/wp-content\/uploads\/2023\/02\/Breed_iStock-868000868-1536x1026.jpg 1536w\" sizes=\"auto, (max-width: 1920px) 100vw, 1920px\" \/><\/figure>\n\n<\/div><\/div><\/div>\n\n<div class=\"gb-grid-column gb-grid-column-337a7d19\"><div class=\"gb-container gb-container-337a7d19\"><div class=\"gb-inside-container\">\n\n<h2 class=\"gb-headline gb-headline-0afe1a50 gb-headline-text\">Verpleging en verzorging<\/h2>\n\n\n\n<p>Er zijn diverse redenen waarom u verpleging en\/of verzorging nodig kunt hebben. Bijvoorbeeld als de dagelijkse verzorging blijvend moeizamer gaat. Lees meer over <a href=\"\/locaties\/verpleging-en-verzorging\/\">verpleging en verzorging<\/a>.<\/p>\n\n<\/div><\/div><\/div>\n<\/div>\n\n<div class=\"gb-grid-wrapper gb-grid-wrapper-0ddd308d\">\n<div class=\"gb-grid-column gb-grid-column-d1838804\"><div class=\"gb-container gb-container-d1838804\"><div class=\"gb-inside-container\">\n\n<h2 class=\"gb-headline gb-headline-0106f09d gb-headline-text\">Individuele begeleiding<\/h2>\n\n\n\n<p>Wij kunnen u helpen met advies en hulp om uw eigen leven en\/of uw dagelijkse huishouden te organiseren, als het u niet meer lukt de dag in te vullen. Lees meer over <a href=\"\/locaties\/Individuele-begeleiding\/\">individuele begeleiding<\/a>.<\/p>\n\n<\/div><\/div><\/div>\n\n<div class=\"gb-grid-column gb-grid-column-1b9e71de\"><div class=\"gb-container gb-container-1b9e71de\"><div class=\"gb-inside-container\">\n\n<figure class=\"gb-block-image gb-block-image-de39133c\"><img loading=\"lazy\" decoding=\"async\" width=\"1920\" height=\"1262\" class=\"gb-image gb-image-de39133c\" src=\"https:\/\/szdv.nl\/wp-content\/uploads\/2023\/01\/Breed_iStock-861202706.jpg\" alt=\"\" title=\"Always there to have a heart to heart\" srcset=\"https:\/\/szdv.nl\/wp-content\/uploads\/2023\/01\/Breed_iStock-861202706.jpg 1920w, https:\/\/szdv.nl\/wp-content\/uploads\/2023\/01\/Breed_iStock-861202706-300x197.jpg 300w, https:\/\/szdv.nl\/wp-content\/uploads\/2023\/01\/Breed_iStock-861202706-1024x673.jpg 1024w, https:\/\/szdv.nl\/wp-content\/uploads\/2023\/01\/Breed_iStock-861202706-768x505.jpg 768w, https:\/\/szdv.nl\/wp-content\/uploads\/2023\/01\/Breed_iStock-861202706-1536x1010.jpg 1536w\" sizes=\"auto, (max-width: 1920px) 100vw, 1920px\" \/><\/figure>\n\n<\/div><\/div><\/div>\n<\/div>\n\n<div class=\"gb-grid-wrapper gb-grid-wrapper-444bd162\">\n<div class=\"gb-grid-column gb-grid-column-5a7e8e7d\"><div class=\"gb-container gb-container-5a7e8e7d\"><div class=\"gb-inside-container\">\n\n<figure class=\"gb-block-image gb-block-image-2097eeb4\"><img loading=\"lazy\" decoding=\"async\" width=\"1920\" height=\"1280\" class=\"gb-image gb-image-2097eeb4\" src=\"https:\/\/szdv.nl\/wp-content\/uploads\/2023\/01\/Breed_iStock-1221463264.jpg\" alt=\"\" srcset=\"https:\/\/szdv.nl\/wp-content\/uploads\/2023\/01\/Breed_iStock-1221463264.jpg 1920w, https:\/\/szdv.nl\/wp-content\/uploads\/2023\/01\/Breed_iStock-1221463264-300x200.jpg 300w, https:\/\/szdv.nl\/wp-content\/uploads\/2023\/01\/Breed_iStock-1221463264-1024x683.jpg 1024w, https:\/\/szdv.nl\/wp-content\/uploads\/2023\/01\/Breed_iStock-1221463264-768x512.jpg 768w, https:\/\/szdv.nl\/wp-content\/uploads\/2023\/01\/Breed_iStock-1221463264-1536x1024.jpg 1536w\" sizes=\"auto, (max-width: 1920px) 100vw, 1920px\" \/><\/figure>\n\n<\/div><\/div><\/div>\n\n<div class=\"gb-grid-column gb-grid-column-d419ca8f\"><div class=\"gb-container gb-container-d419ca8f\"><div class=\"gb-inside-container\">\n\n<h2 class=\"gb-headline gb-headline-6bd31cbd gb-headline-text\">Geestelijke verzorging<\/h2>\n\n\n\n<p>Gebeurtenissen die uw leven veranderen hebben invloed op uw gevoel van geestelijk welbevinden. Bij vragen kunt u een beroep doen op een geestelijk verzorger. Klik hier als u meer wilt weten over <a href=\"\/locaties\/geestelijke-verzorging\/\">geestelijke verzorging<\/a>.<\/p>\n\n<\/div><\/div><\/div>\n<\/div>\n\n\n<h2 class=\"gb-headline gb-headline-fed1a50d gb-headline-text\">Afdeling De Zonnebloem<\/h2>\n\n\n\n<p>Voor ouderen met psychische klachten, beschikt woonzorgcentrum &#8217;t Kampje over een gesloten afdeling (PG) De Zonnebloem.<\/p>\n\n\n\n<p>De ouderdom komt met gebreken, luidt een oud gezegde. Het lichaam werkt niet meer mee en wordt kwetsbaar. Misschien krijgt u last van sociale en psychogeriatrische problemen, waardoor u soms verward raakt en vergeet wie en waar u bent. In het ergste geval kunt u niet meer zelfstandig wonen. Deze afdeling biedt dan uitkomst binnen de veiligheid van de gesloten afdeling De Zonnebloem van &#8217;t Kampje. Bewoners van deze afdeling krijgen 24 uur per dag, zeven dagen per week intensieve begeleiding en vaste structuur in therapie en activiteiten.<\/p>\n\n\n\n<p>De Zonnebloem is een psychogeriatrische afdeling, waar de kamers bewoont worden door cli\u00ebnten met behandeling. Iedere cli\u00ebnt beschikt over een eigen woonslaapkamer met een sanitaire ruimte. Hen staat tevens een gemeenschappelijke huiskamer ter beschikking. Vanwege Geestelijke en lichamelijke beperkingen zijn cli\u00ebnten niet in staat om zelfstandig thuis te wonen. Dagelijks wordt hen professionele ondersteuning geboden bij de eerste levensbehoeften en daginvulling.<\/p>\n\n\n\n<p>Door dementerende ouderen een zo normaal mogelijke woonomgeving te bieden, bereiken medewerkers van De Zonnebloem het volgende:<\/p>\n\n\n\n<ul class=\"wp-block-list\">\n<li>Bestaande mogelijkheden handhaven door lichamelijke en mentale coaching<\/li>\n\n\n\n<li>Structuur bieden en zekerheid geven door een vast dagritme te bieden<\/li>\n\n\n\n<li>De eigenwaarde van de cli\u00ebnt versterken<\/li>\n\n\n\n<li>Onderlinge contacten bevorderen<\/li>\n<\/ul>\n\n\n\n<h2 class=\"gb-headline gb-headline-eb239422 gb-headline-text\">Zorg op maat<\/h2>\n\n\n\n<p>Iedere cli\u00ebnt heeft andere behoeftes. Daarom wordt een individueel zorgleefplan opgesteld, zodat iedereen de zorg krijgt die hij of zij nodig heeft. Cli\u00ebnten kunnen hun eigen huisarts behouden.<\/p>\n\n\n\n<h2 class=\"gb-headline gb-headline-62f76a28 gb-headline-text\">Uw familie doet mee<\/h2>\n\n\n\n<p>Familieleden betrekken we graag bij deze bijzondere vorm van begeleiding. Een familielid is verantwoordelijk voor uw geldzaken. Ook een kwestie van <a href=\"\/zorg\/mantelzorg\/\">mantelzorg<\/a>. Regelmatig organiseert De Zonnebloem avonden speciaal voor familieleden van bewoners om een bijzonder thema te bespreken zodat de families ervaringen met elkaar kunnen delen.<\/p>\n","protected":false},"excerpt":{"rendered":"<p>Wonen in Zorgcentrum &#8217;t Kampje &#8217;t Kampje is een ruim opgezet woonzorgcentrum in het landelijk gelegen Loenen a\/d Vecht. Woonzorgcentrum &#8230; <a title=\"Woonzorgcentrum &#8217;t Kampje\" class=\"read-more\" href=\"https:\/\/szdv.nl\/?page_id=1415\" aria-label=\"Lees meer over Woonzorgcentrum &#8217;t Kampje\">&gt;&gt; Lees meer<\/a><\/p>\n","protected":false},"author":2,"featured_media":3322,"parent":1245,"menu_order":0,"comment_status":"closed","ping_status":"closed","template":"","meta":{"_acf_changed":false,"footnotes":""},"class_list":["post-1415","page","type-page","status-publish","has-post-thumbnail"],"acf":[],"_links":{"self":[{"href":"https:\/\/szdv.nl\/index.php?rest_route=\/wp\/v2\/pages\/1415","targetHints":{"allow":["GET"]}}],"collection":[{"href":"https:\/\/szdv.nl\/index.php?rest_route=\/wp\/v2\/pages"}],"about":[{"href":"https:\/\/szdv.nl\/index.php?rest_route=\/wp\/v2\/types\/page"}],"author":[{"embeddable":true,"href":"https:\/\/szdv.nl\/index.php?rest_route=\/wp\/v2\/users\/2"}],"replies":[{"embeddable":true,"href":"https:\/\/szdv.nl\/index.php?rest_route=%2Fwp%2Fv2%2Fcomments&post=1415"}],"version-history":[{"count":14,"href":"https:\/\/szdv.nl\/index.php?rest_route=\/wp\/v2\/pages\/1415\/revisions"}],"predecessor-version":[{"id":7343,"href":"https:\/\/szdv.nl\/index.php?rest_route=\/wp\/v2\/pages\/1415\/revisions\/7343"}],"up":[{"embeddable":true,"href":"https:\/\/szdv.nl\/index.php?rest_route=\/wp\/v2\/pages\/1245"}],"wp:featuredmedia":[{"embeddable":true,"href":"https:\/\/szdv.nl\/index.php?rest_route=\/wp\/v2\/media\/3322"}],"wp:attachment":[{"href":"https:\/\/szdv.nl\/index.php?rest_route=%2Fwp%2Fv2%2Fmedia&parent=1415"}],"curies":[{"name":"wp","href":"https:\/\/api.w.org\/{rel}","templated":true}]}}