{"id":1237,"date":"2022-10-06T07:42:23","date_gmt":"2022-10-06T07:42:23","guid":{"rendered":"https:\/\/we-cre8.nl\/?page_id=1237"},"modified":"2026-03-05T13:18:22","modified_gmt":"2026-03-05T13:18:22","slug":"clientenraad","status":"publish","type":"page","link":"https:\/\/szdv.nl\/?page_id=1237","title":{"rendered":"Cli\u00ebntenraad"},"content":{"rendered":"\n<h2 class=\"wp-block-heading\">De cli\u00ebntenraad is er voor u!<\/h2>\n\n\n\n<p>Een cli\u00ebntenraad is een groep mensen die de gemeenschappelijke belangen van cli\u00ebnten van een zorginstelling behartigt. Elke instelling moet een cli\u00ebntenraad hebben. Dat is geregeld in de Wet Medezeggenschap Cli\u00ebnten Zorginstellingen. Deze wet verplicht de zorgaanbieder om een cli\u00ebntenraad in te stellen.<\/p>\n\n\n\n<h2 class=\"gb-headline gb-headline-b251c482 gb-headline-text\">Belangenbehartiging<\/h2>\n\n\n\n<p>De cli\u00ebntenraad is dus g\u00e9\u00e9n klachtencommissie maar een belangenbehartiger. Klachten kunnen cli\u00ebnten kwijt bij de klachtencommissie. Zodra dezelfde klacht regelmatig voorkomt, kan de cli\u00ebntenraad er wel aandacht aan besteden en naar een oplossing zoeken omdat het dan om een gemeenschappelijke zaak gaat.<\/p>\n\n\n\n<h2 class=\"gb-headline gb-headline-5fd2271f gb-headline-text\">Waarom zijn er cli\u00ebntenraden?<\/h2>\n\n\n\n<p>Cli\u00ebnten en cli\u00ebntenraden hebben invloed op het beleid van een zorginstelling. De raden praten \u2013 namens de cli\u00ebnten \u2013 mee over bepaalde (beleids)zaken en geven advies. Dat is belangrijk, want de cli\u00ebntenraad is namelijk de enige binnen de zorg- en dienstverlening die kan praten vanuit de ervaring van cli\u00ebnten.<\/p>\n\n\n\n<h2 class=\"gb-headline gb-headline-d33fe92d gb-headline-text\">Wat doet een cli\u00ebntenraad?<\/h2>\n\n\n\n<p>Een cli\u00ebntenraad behartigt de belangen van de cli\u00ebnten van de instelling, ofwel: de achterban. De raad is een spreekbuis voor de cli\u00ebnten en bewaakt de rechten van de cli\u00ebnten. Tevens adviseert de raad gevraagd of ongevraagd aan de aanbieder, met als doel de kwaliteit van zorg- en dienstverlening te verbeteren. Om deze taken goed uit te kunnen voeren moet de cli\u00ebntenraad weten wat de cli\u00ebnten belangrijk vinden en hoe zij de zorg- en dienstverlening ervaren. Contacten met de cli\u00ebnten leggen en onderhouden is dan ook een essentieel onderdeel van het werk van cli\u00ebntenraden.<\/p>\n\n\n\n<h2 class=\"gb-headline gb-headline-d28d4685 gb-headline-text\">Advies- en instemmingsrecht<\/h2>\n\n\n\n<p>De Wet Medezeggenschap Cli\u00ebnten Zorginstellingen (WMCZ) geeft de bevoegdheden van cli\u00ebntenraden aan. Stichting Zorggroep De Vechtstreek heeft in een samenwerkingsovereenkomst bepaald welke bevoegdheden de cli\u00ebntenraad heeft. De raden hebben adviesrecht bij zaken als: organisatiewijziging, fusie, aangaan of verbreken van duurzame samenwerking met een andere instelling, benoeming bestuur, begroting en jaarrekening. Instemmingsrecht heeft de cli\u00ebntenraad met betrekking tot onderwerpen die de zorg en welzijn van de cli\u00ebnten aangaan.<\/p>\n\n\n\n<h2 class=\"gb-headline gb-headline-f9c138a5 gb-headline-text\">Netwerk cli\u00ebntenraden in zorg (NCZ)<\/h2>\n\n\n\n<p>Cli\u00ebntenraden kunnen voor steun en advies terecht bij de NCZ. Zo ontvangen cli\u00ebntenraden regelmatig een nieuwsbrief over onderwerpen die voor cli\u00ebntenraden belangrijk zijn. Daarnaast kunnen cli\u00ebntenraden voor informatie en advies ook per telefoon bij de NCZ terecht en worden er regelmatig bijeenkomsten en symposia georganiseerd over relevante onderwerpen. De locaties van Stichting Zorggroep De Vechtstreek zijn aangesloten bij de NCZ.<\/p>\n\n\n\n<h2 class=\"wp-block-heading\">De cli\u00ebntenraad van Zorggroep De Vechtstreek<\/h2>\n\n\n\n<p>De cli\u00ebntenraad (CR) van Zorggroep De Vechtstreek is een zelfstandig orgaan, welke de gemeenschappelijke belangen van de cli\u00ebnten van Zorggroep De Vechtstreek behartigen. De CR heeft namens de cli\u00ebnten medezeggenschap in het beleid en in de uitvoering van kwaliteit en zorg in de zorginstelling. De mening en eventuele vragen van de cli\u00ebnten komen terug in een CR-vergadering en worden vervolgens besproken met een 2\/3-tal vertegenwoordigers (het dagelijks bestuur (DB)) van de CR en de Raad van Bestuur. Deze is de vaste overlegpartner van de CR en kunnen daarnaast het MT en de adviseurs deelnemen. Op deze manier krijgt men een goed beeld van hoe de cli\u00ebnten denken over de zorg en het welzijn van de 3 locaties van Zorggroep De Vechtreek. Daarnaast heeft de CR advies- en instemmingsrecht (zie advies- en instemmingsrecht)<\/p>\n\n\n\n<p>De CR vergadert minimaal 8x per jaar, bestaande uit 4 voorbereidende vergaderingen met de gehele CR en 4 overlegvergaderingen met de vertegenwoordigers CR, de RvB, het MT en\/of adviseurs.<\/p>\n\n\n\n<p>De CR wordt gevormd door een aantal leden, bestaande uit bewoners, familie of vrijwilligers die nauw betrokken zijn bij de organisatie en de 3 woonzorglocaties (Overdorp-Kockengen, De Aa-Breukelen en \u2019t Kampje-Loenen a.d. Vecht), of personen die een affiniteit hebben met de ouderenzorg.<\/p>\n\n\n\n<p><strong>Leden CR Zorggroep De Vechtstreek:<\/strong><\/p>\n\n\n\n<ul class=\"wp-block-list\">\n<li>Voorzitter: dhr. J. (Jos) v.d. Linden<\/li>\n\n\n\n<li>Lid: dhr. J. (Jan) Sikkenga<\/li>\n\n\n\n<li>Lid: mevr. A. (Anja) Aalbersberg<\/li>\n\n\n\n<li>Lid: mevr. T. (Tineke) van der Paauw<\/li>\n\n\n\n<li>Lid: mevr. A. (Astrid) Feenstra<\/li>\n<\/ul>\n\n\n\n<h2 class=\"wp-block-heading\"><strong>Vacatures <\/strong><\/h2>\n\n\n\n<p>Bent u ge\u00efnteresseerd in de cli\u00ebntenraad van Zorggroep De Vechtstreek? Wilt u ook lid worden of heeft u vragen voor de raad? Neemt u dan contact op met de CR via emailadres: s.boere@szdv.nl (t.a.v. de cli\u00ebntenraad) en\/of tel.nr: 0346-25 84 00.<\/p>\n\n\n\n<h2 class=\"wp-block-heading\"><strong>Jaarverantwoordingen CCR:<\/strong><\/h2>\n\n\n\n<p><a href=\"https:\/\/szdv.nl\/wp-content\/uploads\/2025\/12\/CCR-Jaarverantwoording-2025.pdf\" target=\"_blank\" data-type=\"link\" data-id=\"https:\/\/szdv.nl\/wp-content\/uploads\/2025\/12\/CCR-Jaarverantwoording-2025.pdf\" rel=\"noreferrer noopener\">Jaarverantwoording CCR 2025<\/a><\/p>\n\n\n\n<p><a href=\"https:\/\/szdv.nl\/wp-content\/uploads\/2024\/12\/Jaarverantwoording-CCR-2024-def.pdf\" data-type=\"link\" data-id=\"https:\/\/szdv.nl\/wp-content\/uploads\/2024\/12\/Jaarverantwoording-CCR-2024-def.pdf\" target=\"_blank\" rel=\"noreferrer noopener\">Jaarverantwoording CCR 2024<\/a><\/p>\n\n\n\n<p><\/p>\n\n\n\n<figure class=\"wp-block-gallery has-nested-images columns-default is-cropped wp-block-gallery-2 is-layout-flex wp-block-gallery-is-layout-flex\"><\/figure>\n\n\n\n<figure class=\"wp-block-gallery has-nested-images columns-default is-cropped wp-block-gallery-3 is-layout-flex wp-block-gallery-is-layout-flex\"><\/figure>\n\n\n\n<p><\/p>\n","protected":false},"excerpt":{"rendered":"<p>De cli\u00ebntenraad is er voor u! Een cli\u00ebntenraad is een groep mensen die de gemeenschappelijke belangen van cli\u00ebnten van een &#8230; <a title=\"Cli\u00ebntenraad\" class=\"read-more\" href=\"https:\/\/szdv.nl\/?page_id=1237\" aria-label=\"Lees meer over Cli\u00ebntenraad\">&gt;&gt; Lees meer<\/a><\/p>\n","protected":false},"author":2,"featured_media":2967,"parent":4330,"menu_order":0,"comment_status":"closed","ping_status":"closed","template":"","meta":{"_acf_changed":false,"footnotes":""},"class_list":["post-1237","page","type-page","status-publish","has-post-thumbnail"],"acf":[],"_links":{"self":[{"href":"https:\/\/szdv.nl\/index.php?rest_route=\/wp\/v2\/pages\/1237","targetHints":{"allow":["GET"]}}],"collection":[{"href":"https:\/\/szdv.nl\/index.php?rest_route=\/wp\/v2\/pages"}],"about":[{"href":"https:\/\/szdv.nl\/index.php?rest_route=\/wp\/v2\/types\/page"}],"author":[{"embeddable":true,"href":"https:\/\/szdv.nl\/index.php?rest_route=\/wp\/v2\/users\/2"}],"replies":[{"embeddable":true,"href":"https:\/\/szdv.nl\/index.php?rest_route=%2Fwp%2Fv2%2Fcomments&post=1237"}],"version-history":[{"count":28,"href":"https:\/\/szdv.nl\/index.php?rest_route=\/wp\/v2\/pages\/1237\/revisions"}],"predecessor-version":[{"id":7337,"href":"https:\/\/szdv.nl\/index.php?rest_route=\/wp\/v2\/pages\/1237\/revisions\/7337"}],"up":[{"embeddable":true,"href":"https:\/\/szdv.nl\/index.php?rest_route=\/wp\/v2\/pages\/4330"}],"wp:featuredmedia":[{"embeddable":true,"href":"https:\/\/szdv.nl\/index.php?rest_route=\/wp\/v2\/media\/2967"}],"wp:attachment":[{"href":"https:\/\/szdv.nl\/index.php?rest_route=%2Fwp%2Fv2%2Fmedia&parent=1237"}],"curies":[{"name":"wp","href":"https:\/\/api.w.org\/{rel}","templated":true}]}}