{"id":1222,"date":"2022-10-06T07:18:59","date_gmt":"2022-10-06T07:18:59","guid":{"rendered":"https:\/\/we-cre8.nl\/?page_id=1222"},"modified":"2026-02-19T14:44:34","modified_gmt":"2026-02-19T14:44:34","slug":"zorg-voor-kwaliteit","status":"publish","type":"page","link":"https:\/\/szdv.nl\/?page_id=1222","title":{"rendered":"Zorg voor kwaliteit"},"content":{"rendered":"\n<p>Binnen Zorggroep De Vechtstreek werken we van harte aan verantwoorde zorg. Kwaliteit is een steeds belangrijker begrip geworden in de gezondheidszorg. Cli\u00ebnten en bewoners verwachten een goede kwaliteit van zorg, welzijn en service. Maar ook de overheid en de zorgverzekeraars dringen aan op een goede kwaliteit van de zorg.<\/p>\n\n\n\n<p>Met de eigen regie van de cli\u00ebnt als voornaamste uitgangspunt, wil Zorggroep De Vechtstreek verantwoorde zorg leveren. Daarin staat de kwaliteit van leven centraal. De cli\u00ebnten en bewoners krijgen professionele verzorging, verpleging, begeleiding en behandeling.<\/p>\n\n\n\n<h2 class=\"gb-headline gb-headline-3c68255d gb-headline-text\">Kwaliteitssysteem<\/h2>\n\n\n\n<p>Om de kwaliteit te blijven toetsen is er een goed werkende klachtenregeling, MIC-registratie (Melding Incidenten Cli\u00ebntenregistratie) en worden er ook interne onderzoeken (audits) gehouden. Op elke locatie is er een kwaliteitsverpleegkundige werkzaam die zich bezighoudt met het de kwaliteit en veiligheid van de zorg binnen de locatie.<\/p>\n\n\n\n<h2 class=\"wp-block-heading\"><a href=\"https:\/\/szdv.nl\/wp-content\/uploads\/2026\/02\/Kwaliteitsbeeld-Infographic-2025-2026-6.pdf\" target=\"_blank\" data-type=\"link\" data-id=\"https:\/\/szdv.nl\/wp-content\/uploads\/2026\/02\/Kwaliteitsbeeld-Infographic-2025-2026-6.pdf\" rel=\"noreferrer noopener\">Kwaliteitsbeeld<\/a><\/h2>\n\n\n\n<p>Het kwaliteitsbeeld is een terugblik en reflectie van het afgelopen jaar op de vijf bouwstenen van het Generiek Kompas en een vooruitblik. Hiermee laat Zorggroep De Vechtstreek met veel plezier zien hoe zij werkt aan de kwaliteit van zorg binnen de thuiszorg en haar drie intramurale locaties.<\/p>\n\n\n\n<p>Een van onze speerpunten uit het strategisch beleidsplan is dat wij een toekomstgerichte organisatie zijn die tijdig anticipeert op ontwikkelingen in de samenleving. Wij hopen de lezer met dit kwaliteitsbeeld inzicht te geven hoe wij dit, samen met alle medewerkers en vrijwilligers, in onze organisatie oppakken en gezamenlijk werken aan onze missie \u201cFijn ouder worden in Stichtse Vecht\u201d.<\/p>\n\n\n\n<h2 class=\"gb-headline gb-headline-cdfdfaf5 gb-headline-text\">Visie op kwaliteit<\/h2>\n\n\n\n<p>Kwaliteitszorg heeft betrekking op alle processen, diensten, afdelingen, disciplines en functies. Alle medewerkers zijn dan ook betrokken bij het bieden van kwaliteitszorg. Wij vinden dat van een kwalitatief verantwoorde zorg gesproken kan worden als wij erin slagen de verwachtingen en wensen van de cli\u00ebnten en hun familie succesvol weten te combineren met de eisen die wij als professionals aan een kwalitatief goede zorg stellen.<\/p>\n\n\n\n<h2 class=\"gb-headline gb-headline-01d87142 gb-headline-text\">Kwaliteitsaspecten<\/h2>\n\n\n\n<p>Aan kwaliteit onderscheiden wij twee aspecten:<\/p>\n\n\n\n<ol class=\"wp-block-list\">\n<li>De verwachtingen, waarden en normen van alle betrokkenen;<\/li>\n\n\n\n<li>de producten en diensten die wij bieden vanuit onze professionele standaarden.<\/li>\n<\/ol>\n\n\n\n<p>Onze medewerkers onderhouden de contacten met onze cli\u00ebnten. Zij vervullen de belangrijkste rol bij het realiseren van onze kwaliteitsdoelen. Zorg voor een goede kwaliteit van het eigen werk is eigenlijk een gewoon onderdeel van het werk, een reguliere taak.<\/p>\n\n\n\n<p>Medewerkers letten op kwaliteitsaspecten rond het eigen werk, leidinggevenden op kwaliteitsaspecten rond het team en het werk van degenen die zij aansturen. Wij beschouwen zorg voor het welzijn van de medewerkers als een essenti\u00eble voorwaarde om uiteindelijk tot een kwalitatief goede dienstverlening aan de cli\u00ebnten te komen. De zorg voor de medewerker wordt verder in ons personeelsbeleid tot uitdrukking gebracht.<\/p>\n\n\n\n<h2 class=\"gb-headline gb-headline-93e28487 gb-headline-text\">Kwaliteitskeurmerk<\/h2>\n\n\n\n<p>Zorggroep de Vechtstreek is vanaf 2019 in het bezit van het kwaliteitskeurmerk ISO 9001, aan de hand van de CIIO maatstaf 2016, beoordeeld op basis van de eisen van ISO 9001.<\/p>\n\n\n\n<p>CIIO is een certificeerder voor de professionele dienstverlening. Het certificaat heeft betrekking op de volgende activiteiten: Het bieden van wonen, welzijn, zorg en behandeling aan ouderen extramuraal en intramuraal in de woonzorgcentra in de omgeving Stichtse Vecht. Het keurmerk is toegekend na externe audits.<\/p>\n\n\n<div class=\"gb-container gb-container-cb0dd376\"><div class=\"gb-inside-container\">\n\n<h2 class=\"gb-headline gb-headline-02e93a79 gb-headline-text\">Cli\u00ebnttevredenheidsonderzoek<\/h2>\n\n\n\n<p>De resultaten van het cli\u00ebnttevredenheidsonderzoek per locatie zijn beschikbaar op de website van <a href=\"https:\/\/www.zorgkaartnederland.nl\/\" target=\"_blank\" rel=\"noreferrer noopener\">Zorgkaart Nederland<\/a><\/p>\n\n<\/div><\/div>\n\n\n<h2 class=\"gb-headline gb-headline-9dcbc842 gb-headline-text\">Zorginhoudelijke indicatoren<\/h2>\n\n\n\n<p>Zorggroep De Vechtstreek meet de kwaliteit van de geleverde zorg volgens een landelijk vastgesteld kader. Dit biedt vragenlijsten en het volledige kwaliteitskader <a href=\"https:\/\/www.zorginzicht.nl\" target=\"_blank\" rel=\"noreferrer noopener\">Normen voor goede zorg<\/a>. Wij beantwoorden vragen over de toestand per cli\u00ebnt. Daarnaast beantwoorden we een aantal vragen per onderwerp.<\/p>\n\n\n\n<h2 class=\"gb-headline gb-headline-3c39bbb1 gb-headline-text\">Correcties<\/h2>\n\n\n\n<p>Het bedrijf Mediquest corrigeert de scores, zodat de uitkomsten van de meting vergeleken kunnen worden met het gemiddelde in Nederland. Hierdoor wordt inzichtelijk waar een locatie goed in is en wat ze kan verbeteren. De resultaten van de metingen van de zorginhoudelijke indicatoren zijn per locatie <a href=\"https:\/\/www.zorginzicht.nl\" target=\"_blank\" rel=\"noreferrer noopener\">beschikbaar<\/a>.<\/p>\n\n\n\n<h2 class=\"gb-headline gb-headline-de4c0b38 gb-headline-text\">Mantelzorgbeleid<\/h2>\n\n\n\n<p><a href=\"\/zorg\/mantelzorg\/\">Mantelzorgers<\/a> spelen een belangrijke rol bij de dienstverlening van Zorggroep De Vechtstreek. Zij maken onderdeel uit van het netwerk van de cli\u00ebnt en vervullen vaak allerlei taken voor de cli\u00ebnt. Als zodanig zorgen zij mede dat de cli\u00ebnt het leven kan leiden wat hij\/zij graag wil. Zij zijn ondersteunend bij de kwaliteit van leven van de cli\u00ebnt. <\/p>\n\n\n\n<h2 class=\"gb-headline gb-headline-1c0e346b gb-headline-text\">Sociale kaart<\/h2>\n\n\n\n<p>De woonzorglocaties van Zorggroep De Vechtstreek bevinden zich in woonwijken en maken onderdeel uit van Kockengen, Loenen aan de Vecht en Breukelen. Het voordeel van deze locaties is dat Woon-, zorg- en welzijnsvoorzieningen van andere organisaties ook binnen handbereik zijn.<\/p>\n\n\n\n<p>Op de sociale kaart vindt u een overzicht van links en organisaties, die mogelijk van belang kunnen zijn voor u of uw naasten. Onze medewerkers zijn op de hoogte van deze sociale kaart en kunnen u hier goed over informeren. Voor alle zorgvragen kunt u ons Servicebureau bellen of mailen, zie inzet &#8220;Zorgadvies&#8221; op deze pagina.<\/p>\n\n\n\n<h3 class=\"gb-headline gb-headline-ec1b7577 gb-headline-text\">Sociale kaart Stichtse Vecht<\/h3>\n\n\n\n<p>In de<a href=\"https:\/\/stichtsevecht.socialekaartnederland.nl\/\" target=\"_blank\" rel=\"noreferrer noopener\"> sociale kaart<\/a> van de gemeente Stichtse Vecht vindt u praktische informatie, adressen en links naar websites van instanties en hulpverlenende organisaties op het gebied van wonen, welzijn, zorg of werk en inkomen in de gemeente Stichtse Vecht. De Sociale kaart van de gemeente Stichtse Vecht wordt beheerd door MEE.<\/p>\n\n\n\n<h3 class=\"gb-headline gb-headline-d9b2fd87 gb-headline-text\">Sociale kaart Nederland<\/h3>\n\n\n\n<p>Op de digitale <a href=\"http:\/\/www.socialekaartnederland.nl\" target=\"_blank\" rel=\"noreferrer noopener\">sociale kaart<\/a> Nederland vindt u praktische informatie, adressen, producten en diensten en handige links naar websites waarop u informatie kunt vinden over zorg, welzijn, wonen en inkomen.<\/p>\n\n\n\n<h2 class=\"gb-headline gb-headline-da4cb5a6 gb-headline-text\">Wet Maatschappelijke Ondersteuning (WMO)<\/h2>\n\n\n\n<p>Mensen met een beperking, bijvoorbeeld door ziekte of ouderdom, hebben recht op een financi\u00eble tegemoetkoming uit de <a href=\"\/zorg\/wet-maatschappelijke-ondersteuning-wmo\/\">Wet maatschappelijke ondersteuning<\/a> (Wmo).<\/p>\n\n\n\n<p>De Wmo is bedoeld voor de bekostiging van lichte ondersteuning zoals huishoudelijke hulp, begeleiding en dagverzorging. Persoonlijke verzorging is verschoven naar de Zorgverzekeringswet en voor een verblijf in een woonzorgcentrum kunt u aanspraak maken de <a href=\"\/zorg\/wet-langdurige-zorg-wlz\/\">Wet langdurige zorg<\/a> (Wlz)<\/p>\n\n\n<div class=\"gb-container gb-container-a95ee5ac\"><div class=\"gb-inside-container\">\n\n<h2 class=\"gb-headline gb-headline-7943c563 gb-headline-text\">Eigen bijdrage<\/h2>\n\n\n\n<p>Niet alle kosten voor huishoudelijke hulp worden vergoed. Er is een eigen bijdrage die afhankelijk is van uw belastbaar inkomen.<a rel=\"noreferrer noopener\" href=\"http:\/\/www.stichtsevecht.nl\" target=\"_blank\"> www.stichtsevecht.nl<\/a><\/p>\n\n\n\n<p>Meer informatie over de Wmo van de Rijksoverheid vindt u hier.<\/p>\n\n\n\n<p>Meer info over Wlz overheid vindt u op <a href=\"https:\/\/www.rijksoverheid.nl\/onderwerpen\/verpleeghuizen-en-zorginstellingen\/wet-langdurige-zorg-wlz\" target=\"_blank\" rel=\"noreferrer noopener\">https:\/\/www.rijksoverheid.nl\/onderwerpen\/verpleeghuizen-en-zorginstellingen\/wet-langdurige-zorg-wlz<\/a><\/p>\n\n<\/div><\/div>","protected":false},"excerpt":{"rendered":"<p>Binnen Zorggroep De Vechtstreek werken we van harte aan verantwoorde zorg. Kwaliteit is een steeds belangrijker begrip geworden in de &#8230; <a title=\"Zorg voor kwaliteit\" class=\"read-more\" href=\"https:\/\/szdv.nl\/?page_id=1222\" aria-label=\"Lees meer over Zorg voor kwaliteit\">&gt;&gt; Lees meer<\/a><\/p>\n","protected":false},"author":2,"featured_media":3094,"parent":4330,"menu_order":0,"comment_status":"closed","ping_status":"closed","template":"","meta":{"_acf_changed":false,"footnotes":""},"class_list":["post-1222","page","type-page","status-publish","has-post-thumbnail"],"acf":[],"_links":{"self":[{"href":"https:\/\/szdv.nl\/index.php?rest_route=\/wp\/v2\/pages\/1222","targetHints":{"allow":["GET"]}}],"collection":[{"href":"https:\/\/szdv.nl\/index.php?rest_route=\/wp\/v2\/pages"}],"about":[{"href":"https:\/\/szdv.nl\/index.php?rest_route=\/wp\/v2\/types\/page"}],"author":[{"embeddable":true,"href":"https:\/\/szdv.nl\/index.php?rest_route=\/wp\/v2\/users\/2"}],"replies":[{"embeddable":true,"href":"https:\/\/szdv.nl\/index.php?rest_route=%2Fwp%2Fv2%2Fcomments&post=1222"}],"version-history":[{"count":20,"href":"https:\/\/szdv.nl\/index.php?rest_route=\/wp\/v2\/pages\/1222\/revisions"}],"predecessor-version":[{"id":7322,"href":"https:\/\/szdv.nl\/index.php?rest_route=\/wp\/v2\/pages\/1222\/revisions\/7322"}],"up":[{"embeddable":true,"href":"https:\/\/szdv.nl\/index.php?rest_route=\/wp\/v2\/pages\/4330"}],"wp:featuredmedia":[{"embeddable":true,"href":"https:\/\/szdv.nl\/index.php?rest_route=\/wp\/v2\/media\/3094"}],"wp:attachment":[{"href":"https:\/\/szdv.nl\/index.php?rest_route=%2Fwp%2Fv2%2Fmedia&parent=1222"}],"curies":[{"name":"wp","href":"https:\/\/api.w.org\/{rel}","templated":true}]}}